{"id":489,"date":"2022-08-10T17:13:42","date_gmt":"2022-08-10T20:13:42","guid":{"rendered":"https:\/\/sensacionesqueseras.com\/?page_id=489"},"modified":"2022-11-30T13:53:48","modified_gmt":"2022-11-30T16:53:48","slug":"don-santiago-3","status":"publish","type":"page","link":"https:\/\/sensacionesqueseras.com\/pt\/don-santiago-3\/","title":{"rendered":"DON SANTIAGO"},"content":{"rendered":"<div class=\"noventa\">\n<div class=\"row\">\n<div class=\"cinco\">\n<div class=\"titulo-negro\">DON SANTIAGO<\/div>\n<p style=\"color: #a37932; font-size: 1.2rem;\">Terceira gera\u00e7\u00e3o dedicada \u00e0 atividade leiteira e h\u00e1 30 anos dedicando-se tamb\u00e9m \u00e0 produ\u00e7\u00e3o de queijo. Proposta de valor: variedade e inova\u00e7\u00e3o em produtos gourmet, qualidade controlada e atendimento personalizado.<br \/>\nSomos especializados na produ\u00e7\u00e3o de queijos gourmet italianos tradicionais e nossas pr\u00f3prias especialidades exclusivas.<\/p>\n<\/div>\n<div class=\"cinco\">\n<div class=\"titulo-negro\">PRODUTOS<\/div>\n<ul style=\"list-style: disc!important;\">\n<li>Provoleta, Di Fossa, Fontal, Gouda, Di Malga Ahumado, Di Malga Cl\u00e1sico, Zolino, Serrano Cordob\u00e9s, Pepato, Tallegio.<\/li>\n<\/ul>\n<p><a class=\"titulo-linea\" style=\"text-align: left; margin: 1rem 0;\" href=\"http:\/\/eltambodonsantiago.com.ar\/\" target=\"blank\" rel=\"noopener\">ACESSE O SITE DA EMPRESA <\/a><\/p>\n<\/div>\n<\/div>\n<\/div>\n<div class=\"quienes-somos\">\n<div class=\"noventa\">\n<div class=\"cuatro\" style=\"margin-bottom: 1rem;\"><img fetchpriority=\"high\" decoding=\"async\" class=\"aligncenter size-full wp-image-132\" src=\"https:\/\/sensacionesqueseras.com\/wp-content\/uploads\/2022\/11\/son-santiago-traduccion.fw_.png\" alt=\"\" width=\"541\" height=\"592\" \/><\/div>\n<div class=\"seis\">\n<div class=\"espacios\">\n<div class=\"titulo-negro\">PORQUE ESCOLHER-NOS<\/div>\n<p class=\"ico-1\">Empresa sediada em Calch\u00edn, Prov\u00edncia de C\u00f3rdoba. Argentina.<\/p>\n<p class=\"ico-5\">Possui uma linha espec\u00edfica de produtos gourmet de inspira\u00e7\u00e3o italiana. A integra\u00e7\u00e3o vertical nos permite garantir a disponibilidade e qualidade da mat\u00e9ria-prima, bem como a rastreabilidade desde o latic\u00ednio at\u00e9 a g\u00f4ndola.<\/p>\n<p class=\"ico-3\">A qualidade sustentada com que a empresa trabalha permitiu-lhe gerar uma carteira de clientes de longa data que apreciam a diferencia\u00e7\u00e3o alcan\u00e7ada nos produtos.<\/p>\n<p class=\"ico-6\">Certifica\u00e7\u00e3o de processos BPM pelo IRAM.<\/p>\n<\/div>\n<\/div>\n<\/div>\n<\/div>","protected":false},"excerpt":{"rendered":"<p>DON SANTIAGO Tercer generaci\u00f3n dedicada a la actividad tambera y desde hace 30 a\u00f1os dedic\u00e1ndose tambi\u00e9n a la producci\u00f3n de queso. Propuesta de valor: variedad e innovaci\u00f3n en productos gourmet, calidad controlada y atenci\u00f3n personalizada al cliente. Nos especializamos en la elaboraci\u00f3n de quesos gourmet de tradici\u00f3n italiana y especialidades exclusivas propias. PRODUCTOS Provoleta, Di [&hellip;]<\/p>\n","protected":false},"author":1,"featured_media":0,"parent":0,"menu_order":0,"comment_status":"closed","ping_status":"closed","template":"","meta":{"_acf_changed":false,"footnotes":""},"class_list":["post-489","page","type-page","status-publish","hentry"],"acf":[],"_links":{"self":[{"href":"https:\/\/sensacionesqueseras.com\/pt\/wp-json\/wp\/v2\/pages\/489","targetHints":{"allow":["GET"]}}],"collection":[{"href":"https:\/\/sensacionesqueseras.com\/pt\/wp-json\/wp\/v2\/pages"}],"about":[{"href":"https:\/\/sensacionesqueseras.com\/pt\/wp-json\/wp\/v2\/types\/page"}],"author":[{"embeddable":true,"href":"https:\/\/sensacionesqueseras.com\/pt\/wp-json\/wp\/v2\/users\/1"}],"replies":[{"embeddable":true,"href":"https:\/\/sensacionesqueseras.com\/pt\/wp-json\/wp\/v2\/comments?post=489"}],"version-history":[{"count":1,"href":"https:\/\/sensacionesqueseras.com\/pt\/wp-json\/wp\/v2\/pages\/489\/revisions"}],"predecessor-version":[{"id":491,"href":"https:\/\/sensacionesqueseras.com\/pt\/wp-json\/wp\/v2\/pages\/489\/revisions\/491"}],"wp:attachment":[{"href":"https:\/\/sensacionesqueseras.com\/pt\/wp-json\/wp\/v2\/media?parent=489"}],"curies":[{"name":"wp","href":"https:\/\/api.w.org\/{rel}","templated":true}]}}