{"id":32,"date":"2021-03-15T11:38:59","date_gmt":"2021-03-15T14:38:59","guid":{"rendered":"https:\/\/sensacionesqueseras.com\/?page_id=32"},"modified":"2022-08-09T16:32:40","modified_gmt":"2022-08-09T19:32:40","slug":"savaz","status":"publish","type":"page","link":"https:\/\/sensacionesqueseras.com\/pt\/savaz\/","title":{"rendered":"SAVAZ"},"content":{"rendered":"<div class=\"noventa\">\n<div class=\"row\">\n<div class=\"cinco\">\n<div class=\"titulo-negro\">SAVAZ<\/div>\n<p style=\"color:#A37932; font-size:1.2rem\">Desde 1998 nossa empresa est\u00e1 em constante treinamento para alcan\u00e7ar um produto de alta qualidade, conquistando assim os paladares mais exigentes dos consumidores e jurados. Atualmente atendemos todo o territ\u00f3rio argentino e temos capacidade para atender demandas externas.  <\/p>\n<\/p><\/div>\n<div class=\"cinco\">\n<div class=\"titulo-negro\">PRODUTOS <\/div>\n<ul style=\"list-style: disc!important;\">\n<li>QUEIJO AZUL (roquefort)<\/li>\n<\/ul>\n<p><a style=\"text-align:left; margin:1rem 0\" href=\"https:\/\/www.quesoazulemperador.com\/\" target=\"blank\" class=\"titulo-linea\" rel=\"noopener\">ACESSE O SITE DA EMPRESA <\/a> <\/p>\n<\/div>\n<\/div>\n<\/div>\n<div class=\"quienes-somos\" style=\"margin-top:2rem\">\n<div class=\"noventa\">\n<div class=\"cuatro\" style=\"margin-bottom:1rem\">\n<img fetchpriority=\"high\" decoding=\"async\" src=\"https:\/\/sensacionesqueseras.com\/wp-content\/uploads\/2022\/11\/savaz.planta.fw_.png\" alt=\"\" width=\"541\" height=\"592\" class=\"aligncenter size-full wp-image-154\" srcset=\"https:\/\/sensacionesqueseras.com\/wp-content\/uploads\/2022\/11\/savaz.planta.fw_.png 541w, https:\/\/sensacionesqueseras.com\/wp-content\/uploads\/2022\/11\/savaz.planta.fw_-274x300.png 274w, https:\/\/sensacionesqueseras.com\/wp-content\/uploads\/2022\/11\/savaz.planta.fw_-11x12.png 11w, https:\/\/sensacionesqueseras.com\/wp-content\/uploads\/2022\/11\/savaz.planta.fw_-183x200.png 183w, https:\/\/sensacionesqueseras.com\/wp-content\/uploads\/2022\/11\/savaz.planta.fw_-350x383.png 350w\" sizes=\"(max-width: 541px) 100vw, 541px\" \/><\/div>\n<div class=\"seis\">\n<div class=\"espacios\">\n<div class=\"titulo-negro\">SOBRE A PLANTA E A PRODU\u00c7\u00c3O<\/div>\n<p class=\"ico-1\">Empresa sediada em Ucacha, Prov\u00edncia de C\u00f3rdoba.<br \/>\nArgentina. Planta monoproduto, especializada na produ\u00e7\u00e3o de queijo azul, atingindo altos padr\u00f5es de qualidade. <\/p>\n<p class=\"ico-5\">F\u00e1brica especializada na produ\u00e7\u00e3o de queijo azul, com elevados padr\u00f5es de qualidade. Automa\u00e7\u00e3o em todas as linhas de produ\u00e7\u00e3o em um estabelecimento destinado ao mercado de exporta\u00e7\u00e3o..  <\/p>\n<p class=\"ico-3\">Planta especializada en la producci\u00f3n de queso azul, con altos est\u00e1ndares de calidad. Automatismo en todas las l\u00edneas productivas en un establecimiento concebido para el mercado exportador.  <\/p>\n<p class=\"ico-6\">Certifica\u00e7\u00e3o BPM. Em breve certifica\u00e7\u00e3o HACCP. Reconhecimento de qualidade em concursos de queijos nacionais e internacionais conseguiram posicionar a marca e o produto<\/p>\n<\/div>\n<\/div>\n<\/div>\n<\/div>","protected":false},"excerpt":{"rendered":"<p>SAVAZ Desde 1998 nuestra empresa se capacita constantemente para lograr un producto de alta calidad, de esta manera conquistar los paladares m\u00e1s exigentes de consumidores y jurados. Actualmente abastecemos a todo el territorio argentino y disponemos de capacidad para atender demandas externas. PRODUCTOS Queso azul (estilo roquefort) IR A SITIO WEB DE LA EMPRESA SOBRE [&hellip;]<\/p>\n","protected":false},"author":1,"featured_media":0,"parent":0,"menu_order":0,"comment_status":"closed","ping_status":"closed","template":"","meta":{"_acf_changed":false,"footnotes":""},"class_list":["post-32","page","type-page","status-publish","hentry"],"acf":[],"_links":{"self":[{"href":"https:\/\/sensacionesqueseras.com\/pt\/wp-json\/wp\/v2\/pages\/32","targetHints":{"allow":["GET"]}}],"collection":[{"href":"https:\/\/sensacionesqueseras.com\/pt\/wp-json\/wp\/v2\/pages"}],"about":[{"href":"https:\/\/sensacionesqueseras.com\/pt\/wp-json\/wp\/v2\/types\/page"}],"author":[{"embeddable":true,"href":"https:\/\/sensacionesqueseras.com\/pt\/wp-json\/wp\/v2\/users\/1"}],"replies":[{"embeddable":true,"href":"https:\/\/sensacionesqueseras.com\/pt\/wp-json\/wp\/v2\/comments?post=32"}],"version-history":[{"count":6,"href":"https:\/\/sensacionesqueseras.com\/pt\/wp-json\/wp\/v2\/pages\/32\/revisions"}],"predecessor-version":[{"id":306,"href":"https:\/\/sensacionesqueseras.com\/pt\/wp-json\/wp\/v2\/pages\/32\/revisions\/306"}],"wp:attachment":[{"href":"https:\/\/sensacionesqueseras.com\/pt\/wp-json\/wp\/v2\/media?parent=32"}],"curies":[{"name":"wp","href":"https:\/\/api.w.org\/{rel}","templated":true}]}}