{"id":30,"date":"2021-03-15T11:38:48","date_gmt":"2021-03-15T14:38:48","guid":{"rendered":"https:\/\/sensacionesqueseras.com\/?page_id=30"},"modified":"2022-08-09T16:32:36","modified_gmt":"2022-08-09T19:32:36","slug":"quesos-especiales","status":"publish","type":"page","link":"https:\/\/sensacionesqueseras.com\/pt\/quesos-especiales\/","title":{"rendered":"QUESOS ESPECIALES"},"content":{"rendered":"<div class=\"noventa\">\n<div class=\"row\">\n<div class=\"cinco\">\n<div class=\"titulo-negro\">QUEIJOS FRANCESES<\/div>\n<p style=\"color:#A37932; font-size:1.2rem\">Especializada em produtos gourmet com tradi\u00e7\u00e3o francesa. Aponta para segmento de alt\u00edssimo valor.<br \/>\nContamos com especialistas com mais de 40 anos no setor e experi\u00eancia em queijarias tradicionais na Europa. <\/p>\n<\/p><\/div>\n<div class=\"cinco\">\n<div class=\"titulo-negro\">PRODUTOS <\/div>\n<ul style=\"list-style: disc!important;\">\n<li>Naufchatel, Camembert, Camembert de cabra, Brie, Brie de cabra,<br \/>\nBlanco Dan\u00e9s, Capricho, Blanco de Cabral<\/li>\n<\/ul>\n<p><a style=\"text-align:left; margin:1rem 0\" href=\"https:\/\/quesosespeciales.com\/es\" target=\"blank\" class=\"titulo-linea\" rel=\"noopener\">ACESSE O SITE DA EMPRESA <\/a> <\/p>\n<\/div>\n<\/div>\n<\/div>\n<div class=\"quienes-somos\" style=\"margin-top:2rem\">\n<div class=\"noventa\">\n<div class=\"cuatro\" style=\"margin-bottom:1rem\">\n<img fetchpriority=\"high\" decoding=\"async\" src=\"https:\/\/sensacionesqueseras.com\/wp-content\/uploads\/2022\/11\/especiales-traduccion.fw_.png\" alt=\"\" width=\"541\" height=\"592\" class=\"aligncenter size-full wp-image-152\" srcset=\"https:\/\/sensacionesqueseras.com\/wp-content\/uploads\/2022\/11\/especiales-traduccion.fw_.png 541w, https:\/\/sensacionesqueseras.com\/wp-content\/uploads\/2022\/11\/especiales-traduccion.fw_-274x300.png 274w, https:\/\/sensacionesqueseras.com\/wp-content\/uploads\/2022\/11\/especiales-traduccion.fw_-11x12.png 11w, https:\/\/sensacionesqueseras.com\/wp-content\/uploads\/2022\/11\/especiales-traduccion.fw_-183x200.png 183w, https:\/\/sensacionesqueseras.com\/wp-content\/uploads\/2022\/11\/especiales-traduccion.fw_-350x383.png 350w\" sizes=\"(max-width: 541px) 100vw, 541px\" \/><\/div>\n<div class=\"seis\">\n<div class=\"espacios\">\n<div class=\"titulo-negro\">SOBRE A PLANTA E A PRODU\u00c7\u00c3O<\/div>\n<p class=\"ico-1\">Empresa sediada em Arroyo Cabral, Prov\u00edncia de C\u00f3rdoba.<br \/>\nArgentina. Temos um processo de fabrica\u00e7\u00e3o que combina a produ\u00e7\u00e3o tradicional e os mais avan\u00e7ados m\u00e9todos de garantia de qualidade e seguran\u00e7a. <\/p>\n<p class=\"ico-5\">Recebeu in\u00fameros reconhecimentos e pr\u00eamios em concursos de queijos por seus produtos. Experi\u00eancia e qualidade certificada na produ\u00e7\u00e3o de marcas de terceiros.  <\/p>\n<p class=\"ico-3\">Especializada em produtos gourmet com tradi\u00e7\u00e3o francesa. Aponta para segmento de alt\u00edssimo valor. Fabricamos produtos para os paladares de clientes muito exigentes.  <\/p>\n<p class=\"ico-6\">Certifica\u00e7\u00f5es de processos BPM e HACCP pelo IRAM e SENASA e de produtos (Sem Gl\u00faten). <\/p>\n<\/div>\n<\/div>\n<\/div>\n<\/div>","protected":false},"excerpt":{"rendered":"<p>QUESOS FRANCESES Especializada en productos gourmet con tradici\u00f3n francesa. Apunta a segmento de muy alto valor. Contamos con expertos con m\u00e1s de 40 a\u00f1os en el sector y experiencia en f\u00e1bricas de quesos tradicionales en Europa. PRODUCTOS Naufchatel, Camembert, Camembert de cabra, Brie, Brie de cabra, Blanco Dan\u00e9s, Capricho, Blanco de Cabral IR A SITIO [&hellip;]<\/p>\n","protected":false},"author":1,"featured_media":0,"parent":0,"menu_order":0,"comment_status":"closed","ping_status":"closed","template":"","meta":{"_acf_changed":false,"footnotes":""},"class_list":["post-30","page","type-page","status-publish","hentry"],"acf":[],"_links":{"self":[{"href":"https:\/\/sensacionesqueseras.com\/pt\/wp-json\/wp\/v2\/pages\/30","targetHints":{"allow":["GET"]}}],"collection":[{"href":"https:\/\/sensacionesqueseras.com\/pt\/wp-json\/wp\/v2\/pages"}],"about":[{"href":"https:\/\/sensacionesqueseras.com\/pt\/wp-json\/wp\/v2\/types\/page"}],"author":[{"embeddable":true,"href":"https:\/\/sensacionesqueseras.com\/pt\/wp-json\/wp\/v2\/users\/1"}],"replies":[{"embeddable":true,"href":"https:\/\/sensacionesqueseras.com\/pt\/wp-json\/wp\/v2\/comments?post=30"}],"version-history":[{"count":10,"href":"https:\/\/sensacionesqueseras.com\/pt\/wp-json\/wp\/v2\/pages\/30\/revisions"}],"predecessor-version":[{"id":323,"href":"https:\/\/sensacionesqueseras.com\/pt\/wp-json\/wp\/v2\/pages\/30\/revisions\/323"}],"wp:attachment":[{"href":"https:\/\/sensacionesqueseras.com\/pt\/wp-json\/wp\/v2\/media?parent=30"}],"curies":[{"name":"wp","href":"https:\/\/api.w.org\/{rel}","templated":true}]}}