{"id":26,"date":"2021-03-15T11:38:24","date_gmt":"2021-03-15T14:38:24","guid":{"rendered":"https:\/\/sensacionesqueseras.com\/?page_id=26"},"modified":"2022-08-09T16:32:06","modified_gmt":"2022-08-09T19:32:06","slug":"cotahua","status":"publish","type":"page","link":"https:\/\/sensacionesqueseras.com\/pt\/cotahua\/","title":{"rendered":"COTAHUA"},"content":{"rendered":"<div class=\"noventa\">\n<div class=\"row\">\n<div class=\"cinco\">\n<div class=\"titulo-negro\">COTAHUA<\/div>\n<p style=\"color:#A37932; font-size:1.2rem\">Adquirida em 2018 por s\u00f3cios da Cooperativa de Agricultores Huanchilla, como forma de agregar valor \u00e0 produ\u00e7\u00e3o de leite, alcan\u00e7ando a Integra\u00e7\u00e3o Vertical com total controle da produ\u00e7\u00e3o.<\/p>\n<\/p><\/div>\n<div class=\"cinco\">\n<div class=\"titulo-negro\">PRODUTOS <\/div>\n<ul style=\"list-style: disc!important;\">\n<li>Parmesano, Reggianito, Sardo, Danbo, Fynbo.<\/li>\n<\/ul>\n<p><a style=\"text-align:left; margin:1rem 0\" href=\"https:\/\/cotahua.com.ar\/\" target=\"blank\" class=\"titulo-linea\" rel=\"noopener\">ACESSE O SITE DA EMPRESA <\/a> <\/p>\n<\/div>\n<\/div>\n<\/div>\n<div class=\"quienes-somos\" style=\"margin-top:2rem\">\n<div class=\"noventa\">\n<div class=\"cuatro\" style=\"margin-bottom:1rem\">\n<img fetchpriority=\"high\" decoding=\"async\" src=\"https:\/\/sensacionesqueseras.com\/wp-content\/uploads\/2022\/11\/COTAHUA-Traduccion.fw_.png\" alt=\"\" width=\"541\" height=\"592\" class=\"aligncenter size-full wp-image-159\" srcset=\"https:\/\/sensacionesqueseras.com\/wp-content\/uploads\/2022\/11\/COTAHUA-Traduccion.fw_.png 541w, https:\/\/sensacionesqueseras.com\/wp-content\/uploads\/2022\/11\/COTAHUA-Traduccion.fw_-274x300.png 274w, https:\/\/sensacionesqueseras.com\/wp-content\/uploads\/2022\/11\/COTAHUA-Traduccion.fw_-11x12.png 11w, https:\/\/sensacionesqueseras.com\/wp-content\/uploads\/2022\/11\/COTAHUA-Traduccion.fw_-183x200.png 183w, https:\/\/sensacionesqueseras.com\/wp-content\/uploads\/2022\/11\/COTAHUA-Traduccion.fw_-350x383.png 350w\" sizes=\"(max-width: 541px) 100vw, 541px\" \/><\/div>\n<div class=\"seis\">\n<div class=\"espacios\">\n<div class=\"titulo-negro\">SOBRE A PLANTA E A PRODU\u00c7\u00c3O<\/div>\n<p class=\"ico-1\">Empresa sediada em Coronel Moldes, Provincia de C\u00f3rdoba.<br \/>\nArgentina.<\/p>\n<p class=\"ico-5\">Planta industrial com mais de 50 anos de experi\u00eancia, concebida para o mercado de exporta\u00e7\u00e3o, especializada na produ\u00e7\u00e3o de queijos duros.<\/p>\n<p class=\"ico-3\">Experi\u00eancia suficiente na produ\u00e7\u00e3o de empresas de primeira linha no mercado nacional e internacional de acordo com as especifica\u00e7\u00f5es t\u00e9cnicas exigidas.<\/p>\n<p class=\"ico-6\">Possu\u00edmos certifica\u00e7\u00e3o do processo BPM e HACCP, al\u00e9m de produtos sem Gl\u00faten.<\/p>\n<\/div>\n<\/div>\n<\/div>\n<\/div>","protected":false},"excerpt":{"rendered":"<p>COTAHUA Adquirida en 2018 por socios de la Cooperativa de Tamberos de Huanchilla, como una forma de agregar valor a la producci\u00f3n de leche, logrando una Integraci\u00f3n Vertical con control total de la producci\u00f3n. PRODUCTOS Parmesano, Reggianito, Sardo, Danbo, Fynbo. IR A SITIO WEB DE LA EMPRESA SOBRE LA PLANTA Y PRODUCCI\u00d3N Empresa radicada en [&hellip;]<\/p>\n","protected":false},"author":1,"featured_media":0,"parent":0,"menu_order":0,"comment_status":"closed","ping_status":"closed","template":"","meta":{"_acf_changed":false,"footnotes":""},"class_list":["post-26","page","type-page","status-publish","hentry"],"acf":[],"_links":{"self":[{"href":"https:\/\/sensacionesqueseras.com\/pt\/wp-json\/wp\/v2\/pages\/26","targetHints":{"allow":["GET"]}}],"collection":[{"href":"https:\/\/sensacionesqueseras.com\/pt\/wp-json\/wp\/v2\/pages"}],"about":[{"href":"https:\/\/sensacionesqueseras.com\/pt\/wp-json\/wp\/v2\/types\/page"}],"author":[{"embeddable":true,"href":"https:\/\/sensacionesqueseras.com\/pt\/wp-json\/wp\/v2\/users\/1"}],"replies":[{"embeddable":true,"href":"https:\/\/sensacionesqueseras.com\/pt\/wp-json\/wp\/v2\/comments?post=26"}],"version-history":[{"count":8,"href":"https:\/\/sensacionesqueseras.com\/pt\/wp-json\/wp\/v2\/pages\/26\/revisions"}],"predecessor-version":[{"id":318,"href":"https:\/\/sensacionesqueseras.com\/pt\/wp-json\/wp\/v2\/pages\/26\/revisions\/318"}],"wp:attachment":[{"href":"https:\/\/sensacionesqueseras.com\/pt\/wp-json\/wp\/v2\/media?parent=26"}],"curies":[{"name":"wp","href":"https:\/\/api.w.org\/{rel}","templated":true}]}}