{"id":24,"date":"2021-03-15T11:38:14","date_gmt":"2021-03-15T14:38:14","guid":{"rendered":"https:\/\/sensacionesqueseras.com\/?page_id=24"},"modified":"2022-08-29T17:52:19","modified_gmt":"2022-08-29T20:52:19","slug":"capilla-del-senor","status":"publish","type":"page","link":"https:\/\/sensacionesqueseras.com\/pt\/capilla-del-senor\/","title":{"rendered":"CAPILLA DEL SE\u00d1OR"},"content":{"rendered":"<div class=\"noventa\">\n<div class=\"row\">\n<div class=\"cinco\">\n<div class=\"titulo-negro\">CAPILLA DEL SE\u00d1OR<\/div>\n<p style=\"color: #a37932; font-size: 1.2rem;\">Desenvolveu queijos funcionais como o Portsalut light com fitoester\u00f3is (trabalho de desenvolvimento e implementa\u00e7\u00e3o de I&amp;D com o INTA), que contribui para a boa sa\u00fade das pessoas<\/p>\n<div class=\"titulo-negro\" style=\"margin-top: 2rem;\">PRODUTOS TRADICIONAIS<\/div>\n<ul>\n<li>Tybo, semi-duro fiado Provolone, Mozzarella, Danbo, Edam, Tradizio. Todos os produtos s\u00e3o sem gl\u00faten.<\/li>\n<\/ul>\n<\/div>\n<div class=\"cinco\">\n<div class=\"titulo-negro\">+ PRODUTOS SAUD\u00c1VEIS<\/div>\n<ul style=\"list-style: disc!important;\">\n<li>Mozzarella Light, Por Salut Light con agregado de fitoesteroles-Fortificado con vitamina E, Mozzarella Light con agregado de fitoesteroles-Fortificado con vitamina E, Edam Light, quesos deslactosados, quesos sin sal agregada, entre otros. Todos los productos son libre de gluten.<\/li>\n<\/ul>\n<p><a class=\"titulo-linea\" style=\"text-align: left; margin: 1rem 0;\" href=\"https:\/\/www.lacteoscds.com.ar\/\" target=\"blank\" rel=\"noopener\">ACESSE O SITE DA EMPRESA <\/a><\/p>\n<\/div>\n<\/div>\n<\/div>\n<div class=\"quienes-somos\" style=\"margin-top: 2rem;\">\n<div class=\"noventa\">\n<div class=\"cuatro\" style=\"margin-bottom: 1rem;\"><img fetchpriority=\"high\" decoding=\"async\" class=\"aligncenter size-full wp-image-145\" src=\"https:\/\/sensacionesqueseras.com\/wp-content\/uploads\/2022\/11\/capilla-traduccion.fw_.png\" alt=\"\" width=\"541\" height=\"592\" srcset=\"https:\/\/sensacionesqueseras.com\/wp-content\/uploads\/2022\/11\/capilla-traduccion.fw_.png 541w, https:\/\/sensacionesqueseras.com\/wp-content\/uploads\/2022\/11\/capilla-traduccion.fw_-274x300.png 274w, https:\/\/sensacionesqueseras.com\/wp-content\/uploads\/2022\/11\/capilla-traduccion.fw_-11x12.png 11w, https:\/\/sensacionesqueseras.com\/wp-content\/uploads\/2022\/11\/capilla-traduccion.fw_-183x200.png 183w, https:\/\/sensacionesqueseras.com\/wp-content\/uploads\/2022\/11\/capilla-traduccion.fw_-350x383.png 350w\" sizes=\"(max-width: 541px) 100vw, 541px\" \/><\/div>\n<div class=\"seis\">\n<div class=\"espacios\">\n<div class=\"titulo-negro\">SOBRE A PLANTA E A PRODU\u00c7\u00c3O<\/div>\n<p class=\"ico-1\">Empresa sediada em Villa Mar\u00eda, Prov\u00edncia de C\u00f3rdoba.<br \/>\nArgentina.<\/p>\n<p class=\"ico-5\">Estrat\u00e9gia de diferencia\u00e7\u00e3o e posicionamento atrav\u00e9s de suas marcas e produtos. Natural e saud\u00e1vel (marca LacNat), Tradicional (marca Lombarde)<\/p>\n<p class=\"ico-3\">Possui experi\u00eancia em exporta\u00e7\u00e3o, com opera\u00e7\u00f5es no Peru, Cor\u00e9ia, Brasil, Chile, entre outros mercados.<\/p>\n<p class=\"ico-6\">Certifica\u00e7\u00f5es de qualidade em normas de gest\u00e3o (ISO 9001:2015), processos (BPM e HACCP) e produtos (sem gl\u00faten).<\/p>\n<\/div>\n<\/div>\n<\/div>\n<\/div>","protected":false},"excerpt":{"rendered":"<p>CAPILLA DEL SE\u00d1OR Ha desarrollado quesos funcionales tales como Portsalut ligth con fitoesteroles (trabajo desarrollo e implementaci\u00f3n I+D con INTA), que contribuye a una buena salud de las personas PRODUCTOS TRADICIONALES Tybo, Provolone hilado semiduro, Mozzarella, Danbo, Edam, Tradizio. Todos los productos son libre de gluten. PRODUCTOS + SALUDABLES Mozzarella Light, Por Salut Light con [&hellip;]<\/p>\n","protected":false},"author":1,"featured_media":0,"parent":0,"menu_order":0,"comment_status":"closed","ping_status":"closed","template":"","meta":{"_acf_changed":false,"footnotes":""},"class_list":["post-24","page","type-page","status-publish","hentry"],"acf":[],"_links":{"self":[{"href":"https:\/\/sensacionesqueseras.com\/pt\/wp-json\/wp\/v2\/pages\/24","targetHints":{"allow":["GET"]}}],"collection":[{"href":"https:\/\/sensacionesqueseras.com\/pt\/wp-json\/wp\/v2\/pages"}],"about":[{"href":"https:\/\/sensacionesqueseras.com\/pt\/wp-json\/wp\/v2\/types\/page"}],"author":[{"embeddable":true,"href":"https:\/\/sensacionesqueseras.com\/pt\/wp-json\/wp\/v2\/users\/1"}],"replies":[{"embeddable":true,"href":"https:\/\/sensacionesqueseras.com\/pt\/wp-json\/wp\/v2\/comments?post=24"}],"version-history":[{"count":15,"href":"https:\/\/sensacionesqueseras.com\/pt\/wp-json\/wp\/v2\/pages\/24\/revisions"}],"predecessor-version":[{"id":143,"href":"https:\/\/sensacionesqueseras.com\/pt\/wp-json\/wp\/v2\/pages\/24\/revisions\/143"}],"wp:attachment":[{"href":"https:\/\/sensacionesqueseras.com\/pt\/wp-json\/wp\/v2\/media?parent=24"}],"curies":[{"name":"wp","href":"https:\/\/api.w.org\/{rel}","templated":true}]}}