{"id":197,"date":"2021-03-17T21:33:41","date_gmt":"2021-03-18T00:33:41","guid":{"rendered":"https:\/\/sensacionesqueseras.com\/?page_id=197"},"modified":"2022-08-16T18:40:53","modified_gmt":"2022-08-16T21:40:53","slug":"mercados","status":"publish","type":"page","link":"https:\/\/sensacionesqueseras.com\/pt\/mercados\/","title":{"rendered":"MERCADOS"},"content":{"rendered":"<div class=\"fondogris\" style=\"margin-bottom: 3rem;\">\n<div class=\"noventa\">\n<div class=\"titulo-negro\">COMERCIAL<\/div>\n<p style=\"text-align: center;\">Criamos rela\u00e7\u00f5es comerciais duradouras.<\/p>\n<\/div>\n<div class=\"noventa row\">\n<div class=\"cinco\"><img fetchpriority=\"high\" decoding=\"async\" class=\"aligncenter size-full wp-image-206\" src=\"https:\/\/sensacionesqueseras.com\/wp-content\/uploads\/2021\/03\/mundo.png\" alt=\"\" width=\"582\" height=\"230\" srcset=\"https:\/\/sensacionesqueseras.com\/wp-content\/uploads\/2021\/03\/mundo.png 582w, https:\/\/sensacionesqueseras.com\/wp-content\/uploads\/2021\/03\/mundo-300x119.png 300w, https:\/\/sensacionesqueseras.com\/wp-content\/uploads\/2021\/03\/mundo-350x138.png 350w\" sizes=\"(max-width: 582px) 100vw, 582px\" \/><\/div>\n<div class=\"cinco\">\n<dl>\n<dt>MERCADO INTERNO<\/dt>\n<dd><strong>Noroeste <\/strong><br \/>\nSalta, Jujuy, Tucum\u00e1n, Santiago del Estero, Catamarca y La Rioja<strong>Noreste <\/strong><br \/>\nFormosa, Chaco, Corrientes y Misiones<\/p>\n<p><strong>Centro <\/strong><br \/>\nSanta fe, Entre r\u00edos, C\u00f3rdoba, Buenos Aires y La Pampa<\/p>\n<p><strong>Cuyo <\/strong><br \/>\nMendoza, San Juan y San Luis<\/p>\n<p><strong>Patagonia <\/strong><br \/>\nNeuqu\u00e9n, R\u00edo Negro, Santa Cruz y Tierra del Fuego<\/dd>\n<dt>MERCADO EXTERNO<\/dt>\n<dd><strong>AM\u00c9RICA<\/strong><br \/>\nChile, Brasil, Venezuela, Per\u00fa, Cuba, Paraguay, Bolivia, Colombia, M\u00e9xico.<\/dd>\n<\/dl>\n<\/div>\n<\/div>\n<div class=\"noventa row\" style=\"max-width: 700px; margin: 4rem auto 2rem;\">\n<div><strong>Ligue para n\u00f3s<\/strong><br \/>\n+54 9 351 563 7495<br \/>\n+54 9 353 414 2493<\/div>\n<div class=\"box-border\"><strong>Escreva para n\u00f3s<\/strong><br \/>\ncomex@sensacionesqueseras.com<\/div>\n<div>\n<p><strong>Ache-nos<\/strong><strong><br \/>\n<a href=\"https:\/\/www.instagram.com\/sensacionesqueseras\/\"><img decoding=\"async\" class=\"alignleft size-full wp-image-209\" src=\"https:\/\/sensacionesqueseras.com\/wp-content\/uploads\/2021\/03\/instagram.png\" alt=\"\" width=\"32\" height=\"31\" \/><\/a><\/strong><\/p>\n<\/div>\n<\/div>\n<\/div>","protected":false},"excerpt":{"rendered":"<p>COMERCIAL Creemos relaciones comerciales duraderas. MERCADO INTERNO Noroeste Salta, Jujuy, Tucum\u00e1n, Santiago del Estero, Catamarca y La RiojaNoreste Formosa, Chaco, Corrientes y Misiones Centro Santa fe, Entre r\u00edos, C\u00f3rdoba, Buenos Aires y La Pampa Cuyo Mendoza, San Juan y San Luis Patagonia Neuqu\u00e9n, R\u00edo Negro, Santa Cruz y Tierra del Fuego MERCADO EXTERNO AM\u00c9RICA Chile, [&hellip;]<\/p>\n","protected":false},"author":1,"featured_media":0,"parent":0,"menu_order":0,"comment_status":"closed","ping_status":"closed","template":"page-contacto.php","meta":{"_acf_changed":false,"footnotes":""},"class_list":["post-197","page","type-page","status-publish","hentry"],"acf":[],"_links":{"self":[{"href":"https:\/\/sensacionesqueseras.com\/pt\/wp-json\/wp\/v2\/pages\/197","targetHints":{"allow":["GET"]}}],"collection":[{"href":"https:\/\/sensacionesqueseras.com\/pt\/wp-json\/wp\/v2\/pages"}],"about":[{"href":"https:\/\/sensacionesqueseras.com\/pt\/wp-json\/wp\/v2\/types\/page"}],"author":[{"embeddable":true,"href":"https:\/\/sensacionesqueseras.com\/pt\/wp-json\/wp\/v2\/users\/1"}],"replies":[{"embeddable":true,"href":"https:\/\/sensacionesqueseras.com\/pt\/wp-json\/wp\/v2\/comments?post=197"}],"version-history":[{"count":19,"href":"https:\/\/sensacionesqueseras.com\/pt\/wp-json\/wp\/v2\/pages\/197\/revisions"}],"predecessor-version":[{"id":517,"href":"https:\/\/sensacionesqueseras.com\/pt\/wp-json\/wp\/v2\/pages\/197\/revisions\/517"}],"wp:attachment":[{"href":"https:\/\/sensacionesqueseras.com\/pt\/wp-json\/wp\/v2\/media?parent=197"}],"curies":[{"name":"wp","href":"https:\/\/api.w.org\/{rel}","templated":true}]}}