{"id":12,"date":"2021-03-15T11:36:01","date_gmt":"2021-03-15T14:36:01","guid":{"rendered":"https:\/\/sensacionesqueseras.com\/?page_id=12"},"modified":"2022-09-15T16:02:35","modified_gmt":"2022-09-15T19:02:35","slug":"grupo-comercial","status":"publish","type":"page","link":"https:\/\/sensacionesqueseras.com\/pt\/grupo-comercial\/","title":{"rendered":"GRUPO COMERCIAL"},"content":{"rendered":"<div class=\"noventa\">\n<div class=\"row\">\n<div class=\"cinco\">\n<div class=\"titulo-negro\">QUE FAZEMOS<\/div>\n<p style=\"color: #a37932; font-size: 1.2rem;\">Somos um grupo de PMEs l\u00e1cteas argentinas que realizam colabora\u00e7\u00f5es conjuntas e a\u00e7\u00f5es estrat\u00e9gicas para alcan\u00e7ar novos mercados internacionais.<\/p>\n<p>Prestamos um servi\u00e7o diferenciado aos nossos clientes, oferecendo uma solu\u00e7\u00e3o de abastecimento em termos de volume, alta qualidade e variedade de produtos; bem como rastreabilidade e seguran\u00e7a na entrega.<\/p>\n<\/div>\n<div class=\"cinco\">\n<p>Da mesma forma, estabelecemos alian\u00e7as estrat\u00e9gicas com centros de inova\u00e7\u00e3o e operadores log\u00edsticos.<\/p>\n<div class=\"titulo-negro\">VIS\u00c3O 2025<\/div>\n<p>Ser um dos principais grupos exportadores de latic\u00ednios da Am\u00e9rica Latina, formado por ind\u00fastrias solid\u00e1rias e sustent\u00e1veis, caracterizadas por absoluta seriedade comercial.<\/p>\n<div class=\"titulo-negro\">OBJETIVO DE NEG\u00d3CIOS<\/div>\n<p>Desenvolver e aprofundar um canal de distribui\u00e7\u00e3o atrav\u00e9s de um relacionamento consolidado, sendo capaz de suprir segmentos de clientes muito exigentes com m\u00e9dio e alto poder aquisitivo<\/p>\n<\/div>\n<\/div>\n<\/div>\n<div class=\"quienes-somos\">\n<div class=\"noventa\">\n<div class=\"cuatro\" style=\"margin-bottom: 1rem;\"><img fetchpriority=\"high\" decoding=\"async\" class=\"aligncenter size-full wp-image-116\" src=\"https:\/\/sensacionesqueseras.com\/wp-content\/uploads\/2021\/03\/quienes-somos.png\" alt=\"\" width=\"541\" height=\"592\" \/><\/div>\n<div class=\"seis\">\n<div class=\"espacios\">\n<div class=\"titulo-negro\">PORQUE ESCOLHER-NOS<\/div>\n<p class=\"ico-1\">Nossas empresas est\u00e3o localizadas na prov\u00edncia de C\u00f3rdoba, sendo a bacia leiteira que mais produz leite na Argentina.<\/p>\n<p class=\"ico-2\">The group of companies has a capacity to process 300,000 liters of milk per day and transform them into the most distinguished and tasty cheeses with Italian, French, Argentine and exclusive characteristics with their own registrations<\/p>\n<p class=\"ico-3\">Obcecados pela qualidade, cada produto \u00e9 controlado em todo o processo produtivo desde a origem da mat\u00e9ria-prima at\u00e9 o mercado consumidor, com pessoal treinado, equipamentos tecnol\u00f3gicos adequados e certifica\u00e7\u00e3o de padr\u00f5es de processo.<\/p>\n<p class=\"ico-4\">A inova\u00e7\u00e3o \u00e9 uma marca que nos distingue, pois estamos em permanente processo de cria\u00e7\u00e3o de produtos e temos a capacidade de desenvolver produtos de acordo com as exig\u00eancias e atributos culturais dos mercados externos.<\/p>\n<\/div>\n<\/div>\n<\/div>\n<\/div>\n<div class=\"titulo-negro\">MEMBROS<\/div>\n<div class=\"noventa\" style=\"margin-bottom: 4rem; max-width: 900px; text-align: center;\"><a href=\"https:\/\/sensacionesqueseras.com\/pt\/don-santiago-3\/\"><img decoding=\"async\" class=\"alignnone wp-image-103 size-full\" src=\"https:\/\/sensacionesqueseras.com\/wp-content\/uploads\/2021\/03\/don-santiago.jpg\" alt=\"\" width=\"282\" height=\"147\" \/><\/a> <a href=\"https:\/\/sensacionesqueseras.com\/pt\/cotahua\/\"> <img decoding=\"async\" class=\"alignnone size-full wp-image-102\" src=\"https:\/\/sensacionesqueseras.com\/wp-content\/uploads\/2021\/03\/cotahua.jpg\" alt=\"\" width=\"282\" height=\"147\" \/><\/a> <a href=\"https:\/\/sensacionesqueseras.com\/pt\/capilla-del-senor\/\"> <img loading=\"lazy\" decoding=\"async\" class=\"alignnone wp-image-369 size-full\" src=\"https:\/\/sensacionesqueseras.com\/wp-content\/uploads\/2021\/05\/Disen\u0303o-sin-ti\u0301tulo-6.png\" alt=\"\" width=\"282\" height=\"147\" \/><\/a> <a href=\"https:\/\/sensacionesqueseras.com\/pt\/savaz\/\"> <img loading=\"lazy\" decoding=\"async\" class=\"alignnone size-full wp-image-100\" src=\"https:\/\/sensacionesqueseras.com\/wp-content\/uploads\/2021\/03\/savaz.jpg\" alt=\"\" width=\"282\" height=\"147\" \/> <\/a><a href=\"https:\/\/sensacionesqueseras.com\/pt\/quesos-especiales\/\"> <img loading=\"lazy\" decoding=\"async\" class=\"alignnone size-full wp-image-104\" src=\"https:\/\/sensacionesqueseras.com\/wp-content\/uploads\/2021\/03\/quesos-especiales.jpg\" alt=\"\" width=\"282\" height=\"147\" \/><\/a><\/div>","protected":false},"excerpt":{"rendered":"<p>QU\u00c9 HACEMOS Somos un grupo de Pymes argentinas de productos l\u00e1cteos que llevamos acciones conjuntas de colaboraci\u00f3n y estrategia a fin de alcanzar nuevos mercados internacionales. Brindamos un servicio diferencial a nuestros clientes, ofreciendo una soluci\u00f3n de abastecimiento en cuanto a volumen, alta calidad y variedad de productos; as\u00ed como trazabilidad y certeza en la [&hellip;]<\/p>\n","protected":false},"author":1,"featured_media":0,"parent":0,"menu_order":0,"comment_status":"closed","ping_status":"closed","template":"","meta":{"_acf_changed":false,"footnotes":""},"class_list":["post-12","page","type-page","status-publish","hentry"],"acf":[],"_links":{"self":[{"href":"https:\/\/sensacionesqueseras.com\/pt\/wp-json\/wp\/v2\/pages\/12","targetHints":{"allow":["GET"]}}],"collection":[{"href":"https:\/\/sensacionesqueseras.com\/pt\/wp-json\/wp\/v2\/pages"}],"about":[{"href":"https:\/\/sensacionesqueseras.com\/pt\/wp-json\/wp\/v2\/types\/page"}],"author":[{"embeddable":true,"href":"https:\/\/sensacionesqueseras.com\/pt\/wp-json\/wp\/v2\/users\/1"}],"replies":[{"embeddable":true,"href":"https:\/\/sensacionesqueseras.com\/pt\/wp-json\/wp\/v2\/comments?post=12"}],"version-history":[{"count":42,"href":"https:\/\/sensacionesqueseras.com\/pt\/wp-json\/wp\/v2\/pages\/12\/revisions"}],"predecessor-version":[{"id":98,"href":"https:\/\/sensacionesqueseras.com\/pt\/wp-json\/wp\/v2\/pages\/12\/revisions\/98"}],"wp:attachment":[{"href":"https:\/\/sensacionesqueseras.com\/pt\/wp-json\/wp\/v2\/media?parent=12"}],"curies":[{"name":"wp","href":"https:\/\/api.w.org\/{rel}","templated":true}]}}