{"id":489,"date":"2022-08-10T17:13:42","date_gmt":"2022-08-10T20:13:42","guid":{"rendered":"https:\/\/sensacionesqueseras.com\/?page_id=489"},"modified":"2022-11-30T13:53:48","modified_gmt":"2022-11-30T16:53:48","slug":"don-santiago-3","status":"publish","type":"page","link":"https:\/\/sensacionesqueseras.com\/en\/don-santiago-3\/","title":{"rendered":"DON SANTIAGO"},"content":{"rendered":"<div class=\"noventa\">\n<div class=\"row\">\n<div class=\"cinco\">\n<div class=\"titulo-negro\">DON SANTIAGO<\/div>\n<p style=\"color: #a37932; font-size: 1.2rem;\">Third generation dedicated to the dairy activity and for 30 years also dedicated to the production of cheese. Value proposition: variety and innovation in gourmet products, controlled quality and personalized customer service.<br \/>\nWe are specialists elaborating gourmet cheeses with an Italian background and exclusive specialties of our own.<\/p>\n<\/div>\n<div class=\"cinco\">\n<div class=\"titulo-negro\">PRODUCTS<\/div>\n<ul style=\"list-style: disc!important;\">\n<li>Provoleta, Di Fossa, Fontal, Gouda, Di Malga Ahumado, Di Malga Cl\u00e1sico, Zolino, Serrano Cordob\u00e9s, Pepato, Tallegio.<\/li>\n<\/ul>\n<p><a class=\"titulo-linea\" style=\"text-align: left; margin: 1rem 0;\" href=\"http:\/\/eltambodonsantiago.com.ar\/\" target=\"blank\" rel=\"noopener\">GO TO COMPANY WEBSITE <\/a><\/p>\n<\/div>\n<\/div>\n<\/div>\n<div class=\"quienes-somos\">\n<div class=\"noventa\">\n<div class=\"cuatro\" style=\"margin-bottom: 1rem;\"><img fetchpriority=\"high\" decoding=\"async\" class=\"aligncenter size-full wp-image-132\" src=\"https:\/\/sensacionesqueseras.com\/wp-content\/uploads\/2022\/11\/son-santiago-traduccion.fw_.png\" alt=\"\" width=\"541\" height=\"592\" \/><\/div>\n<div class=\"seis\">\n<div class=\"espacios\">\n<div class=\"titulo-negro\">WHY CHOOSE US<\/div>\n<p class=\"ico-1\">A company based in Calch\u00edn, C\u00f3rdoba province, Argentina.<\/p>\n<p class=\"ico-5\">It holds a specified line of gourmet products with an Italian background. Vertical integration allows us to ensure availability and raw material of the finest quality, as well as traceability from the dairy farm to the aisles.<\/p>\n<p class=\"ico-3\">The sustained quality the company works with has increased its customer base for many years that have grown appreciative of the differentiation achieved on the products.<\/p>\n<p class=\"ico-6\">BPM by IRAM process certification.<\/p>\n<\/div>\n<\/div>\n<\/div>\n<\/div>","protected":false},"excerpt":{"rendered":"<p>DON SANTIAGO Tercer generaci\u00f3n dedicada a la actividad tambera y desde hace 30 a\u00f1os dedic\u00e1ndose tambi\u00e9n a la producci\u00f3n de queso. Propuesta de valor: variedad e innovaci\u00f3n en productos gourmet, calidad controlada y atenci\u00f3n personalizada al cliente. Nos especializamos en la elaboraci\u00f3n de quesos gourmet de tradici\u00f3n italiana y especialidades exclusivas propias. PRODUCTOS Provoleta, Di [&hellip;]<\/p>\n","protected":false},"author":1,"featured_media":0,"parent":0,"menu_order":0,"comment_status":"closed","ping_status":"closed","template":"","meta":{"_acf_changed":false,"footnotes":""},"class_list":["post-489","page","type-page","status-publish","hentry"],"acf":[],"_links":{"self":[{"href":"https:\/\/sensacionesqueseras.com\/en\/wp-json\/wp\/v2\/pages\/489","targetHints":{"allow":["GET"]}}],"collection":[{"href":"https:\/\/sensacionesqueseras.com\/en\/wp-json\/wp\/v2\/pages"}],"about":[{"href":"https:\/\/sensacionesqueseras.com\/en\/wp-json\/wp\/v2\/types\/page"}],"author":[{"embeddable":true,"href":"https:\/\/sensacionesqueseras.com\/en\/wp-json\/wp\/v2\/users\/1"}],"replies":[{"embeddable":true,"href":"https:\/\/sensacionesqueseras.com\/en\/wp-json\/wp\/v2\/comments?post=489"}],"version-history":[{"count":1,"href":"https:\/\/sensacionesqueseras.com\/en\/wp-json\/wp\/v2\/pages\/489\/revisions"}],"predecessor-version":[{"id":491,"href":"https:\/\/sensacionesqueseras.com\/en\/wp-json\/wp\/v2\/pages\/489\/revisions\/491"}],"wp:attachment":[{"href":"https:\/\/sensacionesqueseras.com\/en\/wp-json\/wp\/v2\/media?parent=489"}],"curies":[{"name":"wp","href":"https:\/\/api.w.org\/{rel}","templated":true}]}}