{"id":30,"date":"2021-03-15T11:38:48","date_gmt":"2021-03-15T14:38:48","guid":{"rendered":"https:\/\/sensacionesqueseras.com\/?page_id=30"},"modified":"2022-08-09T16:32:36","modified_gmt":"2022-08-09T19:32:36","slug":"quesos-especiales","status":"publish","type":"page","link":"https:\/\/sensacionesqueseras.com\/en\/quesos-especiales\/","title":{"rendered":"SPECIAL CHEESE"},"content":{"rendered":"<div class=\"noventa\">\n<div class=\"row\">\n<div class=\"cinco\">\n<div class=\"titulo-negro\">FRENCH CHEESES<\/div>\n<p style=\"color:#A37932; font-size:1.2rem\">We specialize in gourmet products with a French background that targets high-value segments.<br \/>\nWe have experts with more than 40 years of expertise in the field and with experience from traditional cheese factories in Europe. <\/p>\n<\/p><\/div>\n<div class=\"cinco\">\n<div class=\"titulo-negro\">PRODUCTS <\/div>\n<ul style=\"list-style: disc!important;\">\n<li>Naufchatel, Camembert, Camembert de cabra, Brie, Brie de cabra,<br \/>\nBlanco Dan\u00e9s, Capricho, Blanco de Cabral<\/li>\n<\/ul>\n<p><a style=\"text-align:left; margin:1rem 0\" href=\"https:\/\/quesosespeciales.com\/es\" target=\"blank\" class=\"titulo-linea\" rel=\"noopener\">GO TO COMPANY WEBSITE <\/a> <\/p>\n<\/div>\n<\/div>\n<\/div>\n<div class=\"quienes-somos\" style=\"margin-top:2rem\">\n<div class=\"noventa\">\n<div class=\"cuatro\" style=\"margin-bottom:1rem\">\n<img fetchpriority=\"high\" decoding=\"async\" src=\"https:\/\/sensacionesqueseras.com\/wp-content\/uploads\/2022\/11\/especiales-traduccion.fw_.png\" alt=\"\" width=\"541\" height=\"592\" class=\"aligncenter size-full wp-image-152\" srcset=\"https:\/\/sensacionesqueseras.com\/wp-content\/uploads\/2022\/11\/especiales-traduccion.fw_.png 541w, https:\/\/sensacionesqueseras.com\/wp-content\/uploads\/2022\/11\/especiales-traduccion.fw_-274x300.png 274w, https:\/\/sensacionesqueseras.com\/wp-content\/uploads\/2022\/11\/especiales-traduccion.fw_-11x12.png 11w, https:\/\/sensacionesqueseras.com\/wp-content\/uploads\/2022\/11\/especiales-traduccion.fw_-183x200.png 183w, https:\/\/sensacionesqueseras.com\/wp-content\/uploads\/2022\/11\/especiales-traduccion.fw_-350x383.png 350w\" sizes=\"(max-width: 541px) 100vw, 541px\" \/><\/div>\n<div class=\"seis\">\n<div class=\"espacios\">\n<div class=\"titulo-negro\">ABOUT THE PLANT AND PRODUCTION<\/div>\n<p class=\"ico-1\">A company based in Arroyo Cabral, C\u00f3rdoba province, Argentina.<br \/>\nWe have an elaboration process combining traditional production and the most advanced methods assuring quality and food safety. <\/p>\n<p class=\"ico-5\">It has received numerous recognitions and awards in cheese contests for its products. We have experience and certified quality in the production of third-party brands.  <\/p>\n<p class=\"ico-3\">We specialize in gourmet products with a French background that targets high-value segments. We make products for clients with a discerning palate.  <\/p>\n<p class=\"ico-6\">BPM and HACCP process certifications by IRAM and SENASA and for gluten-free products. <\/p>\n<\/div>\n<\/div>\n<\/div>\n<\/div>","protected":false},"excerpt":{"rendered":"<p>QUESOS FRANCESES Especializada en productos gourmet con tradici\u00f3n francesa. Apunta a segmento de muy alto valor. Contamos con expertos con m\u00e1s de 40 a\u00f1os en el sector y experiencia en f\u00e1bricas de quesos tradicionales en Europa. PRODUCTOS Naufchatel, Camembert, Camembert de cabra, Brie, Brie de cabra, Blanco Dan\u00e9s, Capricho, Blanco de Cabral IR A SITIO [&hellip;]<\/p>\n","protected":false},"author":1,"featured_media":0,"parent":0,"menu_order":0,"comment_status":"closed","ping_status":"closed","template":"","meta":{"_acf_changed":false,"footnotes":""},"class_list":["post-30","page","type-page","status-publish","hentry"],"acf":[],"_links":{"self":[{"href":"https:\/\/sensacionesqueseras.com\/en\/wp-json\/wp\/v2\/pages\/30","targetHints":{"allow":["GET"]}}],"collection":[{"href":"https:\/\/sensacionesqueseras.com\/en\/wp-json\/wp\/v2\/pages"}],"about":[{"href":"https:\/\/sensacionesqueseras.com\/en\/wp-json\/wp\/v2\/types\/page"}],"author":[{"embeddable":true,"href":"https:\/\/sensacionesqueseras.com\/en\/wp-json\/wp\/v2\/users\/1"}],"replies":[{"embeddable":true,"href":"https:\/\/sensacionesqueseras.com\/en\/wp-json\/wp\/v2\/comments?post=30"}],"version-history":[{"count":10,"href":"https:\/\/sensacionesqueseras.com\/en\/wp-json\/wp\/v2\/pages\/30\/revisions"}],"predecessor-version":[{"id":323,"href":"https:\/\/sensacionesqueseras.com\/en\/wp-json\/wp\/v2\/pages\/30\/revisions\/323"}],"wp:attachment":[{"href":"https:\/\/sensacionesqueseras.com\/en\/wp-json\/wp\/v2\/media?parent=30"}],"curies":[{"name":"wp","href":"https:\/\/api.w.org\/{rel}","templated":true}]}}