{"id":12,"date":"2021-03-15T11:36:01","date_gmt":"2021-03-15T14:36:01","guid":{"rendered":"https:\/\/sensacionesqueseras.com\/?page_id=12"},"modified":"2022-09-15T16:02:35","modified_gmt":"2022-09-15T19:02:35","slug":"grupo-comercial","status":"publish","type":"page","link":"https:\/\/sensacionesqueseras.com\/en\/grupo-comercial\/","title":{"rendered":"COMERCIAL GROUP"},"content":{"rendered":"<div class=\"noventa\">\n<div class=\"row\">\n<div class=\"cinco\">\n<div class=\"titulo-negro\">WHAT WE DO<\/div>\n<p style=\"color: #a37932; font-size: 1.2rem;\">We are a group of Argentine dairy SME that carry out joint collaboration and strategic actions in order to reach new international markets.<\/p>\n<p>We provide a differential service to our customers, offering a supply solution in terms of volume, high quality and variety of products; as well as traceability and certainty in delivery.<\/p>\n<\/div>\n<div class=\"cinco\">\n<p>Likewise, we establish strategic alliances with innovation centers and logistics operators.<\/p>\n<div class=\"titulo-negro\">VISION 2025<\/div>\n<p>To be one of the main export groups of dairy products in Latin America, made up of supportive and sustainable industries, characterized by absolute commercial seriousness.<\/p>\n<div class=\"titulo-negro\">BUSINESS OBJECTIVE<\/div>\n<p>Develop and deepen a distribution channel through a consolidated relationship, being able to supply very demanding customer segments with medium and high purchasing power<\/p>\n<\/div>\n<\/div>\n<\/div>\n<div class=\"quienes-somos\">\n<div class=\"noventa\">\n<div class=\"cuatro\" style=\"margin-bottom: 1rem;\"><img fetchpriority=\"high\" decoding=\"async\" class=\"aligncenter size-full wp-image-116\" src=\"https:\/\/sensacionesqueseras.com\/wp-content\/uploads\/2021\/03\/quienes-somos.png\" alt=\"\" width=\"541\" height=\"592\" \/><\/div>\n<div class=\"seis\">\n<div class=\"espacios\">\n<div class=\"titulo-negro\">WHY CHOOSE US<\/div>\n<p class=\"ico-1\">Our companies are located in the province of C\u00f3rdoba, being the dairy basin that produces the most milk in Argentina.<\/p>\n<p class=\"ico-2\">By being innovative and with a great production capacity, we can process 300.000 liters of milk daily and transform it into tiered and flavorsome cheeses.<\/p>\n<p class=\"ico-3\">Obsessed with quality, each product is controlled throughout the production process from the origin of the raw material to the consumer market, with trained personnel, adequate technological equipment and certification of process standards.<\/p>\n<p class=\"ico-4\">Innovation is a brand that distinguishes us since we are in a permanent process of creating products and we have the ability to develop products according to the requirements and cultural attributes of foreign markets.<\/p>\n<\/div>\n<\/div>\n<\/div>\n<\/div>\n<div class=\"titulo-negro\">MEMBERS<\/div>\n<div class=\"noventa\" style=\"margin-bottom: 4rem; max-width: 900px; text-align: center;\"><a href=\"https:\/\/sensacionesqueseras.com\/en\/don-santiago-3\/\"><img decoding=\"async\" class=\"alignnone wp-image-103 size-full\" src=\"https:\/\/sensacionesqueseras.com\/wp-content\/uploads\/2021\/03\/don-santiago.jpg\" alt=\"\" width=\"282\" height=\"147\" \/><\/a> <a href=\"https:\/\/sensacionesqueseras.com\/en\/cotahua\/\"> <img decoding=\"async\" class=\"alignnone size-full wp-image-102\" src=\"https:\/\/sensacionesqueseras.com\/wp-content\/uploads\/2021\/03\/cotahua.jpg\" alt=\"\" width=\"282\" height=\"147\" \/><\/a> <a href=\"https:\/\/sensacionesqueseras.com\/en\/capilla-del-senor\/\"> <img loading=\"lazy\" decoding=\"async\" class=\"alignnone wp-image-369 size-full\" src=\"https:\/\/sensacionesqueseras.com\/wp-content\/uploads\/2021\/05\/Disen\u0303o-sin-ti\u0301tulo-6.png\" alt=\"\" width=\"282\" height=\"147\" \/><\/a> <a href=\"https:\/\/sensacionesqueseras.com\/en\/savaz\/\"> <img loading=\"lazy\" decoding=\"async\" class=\"alignnone size-full wp-image-100\" src=\"https:\/\/sensacionesqueseras.com\/wp-content\/uploads\/2021\/03\/savaz.jpg\" alt=\"\" width=\"282\" height=\"147\" \/> <\/a><a href=\"https:\/\/sensacionesqueseras.com\/en\/quesos-especiales\/\"> <img loading=\"lazy\" decoding=\"async\" class=\"alignnone size-full wp-image-104\" src=\"https:\/\/sensacionesqueseras.com\/wp-content\/uploads\/2021\/03\/quesos-especiales.jpg\" alt=\"\" width=\"282\" height=\"147\" \/><\/a><\/div>","protected":false},"excerpt":{"rendered":"<p>QU\u00c9 HACEMOS Somos un grupo de Pymes argentinas de productos l\u00e1cteos que llevamos acciones conjuntas de colaboraci\u00f3n y estrategia a fin de alcanzar nuevos mercados internacionales. Brindamos un servicio diferencial a nuestros clientes, ofreciendo una soluci\u00f3n de abastecimiento en cuanto a volumen, alta calidad y variedad de productos; as\u00ed como trazabilidad y certeza en la [&hellip;]<\/p>\n","protected":false},"author":1,"featured_media":0,"parent":0,"menu_order":0,"comment_status":"closed","ping_status":"closed","template":"","meta":{"_acf_changed":false,"footnotes":""},"class_list":["post-12","page","type-page","status-publish","hentry"],"acf":[],"_links":{"self":[{"href":"https:\/\/sensacionesqueseras.com\/en\/wp-json\/wp\/v2\/pages\/12","targetHints":{"allow":["GET"]}}],"collection":[{"href":"https:\/\/sensacionesqueseras.com\/en\/wp-json\/wp\/v2\/pages"}],"about":[{"href":"https:\/\/sensacionesqueseras.com\/en\/wp-json\/wp\/v2\/types\/page"}],"author":[{"embeddable":true,"href":"https:\/\/sensacionesqueseras.com\/en\/wp-json\/wp\/v2\/users\/1"}],"replies":[{"embeddable":true,"href":"https:\/\/sensacionesqueseras.com\/en\/wp-json\/wp\/v2\/comments?post=12"}],"version-history":[{"count":42,"href":"https:\/\/sensacionesqueseras.com\/en\/wp-json\/wp\/v2\/pages\/12\/revisions"}],"predecessor-version":[{"id":98,"href":"https:\/\/sensacionesqueseras.com\/en\/wp-json\/wp\/v2\/pages\/12\/revisions\/98"}],"wp:attachment":[{"href":"https:\/\/sensacionesqueseras.com\/en\/wp-json\/wp\/v2\/media?parent=12"}],"curies":[{"name":"wp","href":"https:\/\/api.w.org\/{rel}","templated":true}]}}